{"id":12419,"date":"2024-12-06T15:58:08","date_gmt":"2024-12-06T08:58:08","guid":{"rendered":"https:\/\/www.pakasai.com\/4-star-hotel-facilities-krabis\/meeting-space-krabis"},"modified":"2026-02-05T01:21:25","modified_gmt":"2026-02-04T18:21:25","slug":"meeting-space-krabis","status":"publish","type":"page","link":"https:\/\/www.pakasai.com\/fr\/4-star-hotel-facilities-krabis\/meeting-space-krabis","title":{"rendered":"R\u00e9union"},"content":{"rendered":"\t\t<div data-elementor-type=\"wp-page\" data-elementor-id=\"12419\" class=\"elementor elementor-12419 elementor-6148\" data-elementor-post-type=\"page\">\n\t\t\t\t<div class=\"elementor-element elementor-element-e57a981 e-flex e-con-boxed e-con e-parent\" data-id=\"e57a981\" data-element_type=\"container\" data-e-type=\"container\">\n\t\t\t\t\t<div class=\"e-con-inner\">\n\t\t<nav class=\"elementor-element elementor-element-758fd16 e-con-full e-flex elementor-invisible e-con e-child\" data-id=\"758fd16\" data-element_type=\"container\" data-e-type=\"container\" data-settings=\"{&quot;animation&quot;:&quot;fadeIn&quot;}\">\n\t\t\t\t<div class=\"elementor-element elementor-element-966d0a4 elementor-widget elementor-widget-text-editor\" data-id=\"966d0a4\" data-element_type=\"widget\" data-e-type=\"widget\" data-widget_type=\"text-editor.default\">\n\t\t\t\t<div class=\"elementor-widget-container\">\n\t\t\t\t\t\t\t\t\t<p><a href=\"https:\/\/www.pakasai.com\/fr\/4-star-hotel-facilities-krabis\">Installations<\/a><\/p>\t\t\t\t\t\t\t\t<\/div>\n\t\t\t\t<\/div>\n\t\t\t\t<\/nav>\n\t\t<div class=\"elementor-element elementor-element-5fcb483 e-con-full better-animate e-flex elementor-invisible e-con e-child\" data-id=\"5fcb483\" data-element_type=\"container\" data-e-type=\"container\" data-settings=\"{&quot;animation&quot;:&quot;fadeInUp&quot;}\">\n\t\t\t\t<div class=\"elementor-element elementor-element-26c63b3 elementor-widget elementor-widget-heading\" data-id=\"26c63b3\" data-element_type=\"widget\" data-e-type=\"widget\" data-widget_type=\"heading.default\">\n\t\t\t\t<div class=\"elementor-widget-container\">\n\t\t\t\t\t<h1 class=\"elementor-heading-title elementor-size-default\">Salle de r\u00e9union<\/h1>\t\t\t\t<\/div>\n\t\t\t\t<\/div>\n\t\t\t\t<div class=\"elementor-element elementor-element-26e59eb elementor-widget elementor-widget-text-editor\" data-id=\"26e59eb\" data-element_type=\"widget\" data-e-type=\"widget\" data-widget_type=\"text-editor.default\">\n\t\t\t\t<div class=\"elementor-widget-container\">\n\t\t\t\t\t\t\t\t\t<p>Organisez une r\u00e9union haut de gamme et \u00e9coresponsable dans la salle de r\u00e9union Angsana, con\u00e7ue dans le respect de l&rsquo;environnement et de la fonctionnalit\u00e9. Cette salle polyvalente est dot\u00e9e d&rsquo;\u00e9quipements \u00e9conomes en \u00e9nergie et b\u00e9n\u00e9ficie d&rsquo;une abondante lumi\u00e8re naturelle. Son vaste hall d&rsquo;entr\u00e9e s&rsquo;ouvre sur une vue apaisante du jardin tropical, id\u00e9ale pour des pauses caf\u00e9 en plein air. <\/p>\t\t\t\t\t\t\t\t<\/div>\n\t\t\t\t<\/div>\n\t\t\t\t<\/div>\n\t\t\t\t\t<\/div>\n\t\t\t\t<\/div>\n\t\t<div class=\"elementor-element elementor-element-d452771 e-flex e-con-boxed e-con e-parent\" data-id=\"d452771\" data-element_type=\"container\" data-e-type=\"container\">\n\t\t\t\t\t<div class=\"e-con-inner\">\n\t\t\t\t<div class=\"elementor-element elementor-element-85e7c45 room-image-carousel slide-with-hint-cursor elementor-arrows-position-inside elementor-invisible elementor-widget elementor-widget-image-carousel\" data-id=\"85e7c45\" data-element_type=\"widget\" data-e-type=\"widget\" data-settings=\"{&quot;slides_to_show&quot;:&quot;1&quot;,&quot;effect&quot;:&quot;fade&quot;,&quot;navigation&quot;:&quot;arrows&quot;,&quot;_animation&quot;:&quot;fadeIn&quot;,&quot;infinite&quot;:&quot;yes&quot;,&quot;speed&quot;:500}\" data-widget_type=\"image-carousel.default\">\n\t\t\t\t<div class=\"elementor-widget-container\">\n\t\t\t\t\t\t\t<div class=\"elementor-image-carousel-wrapper swiper\" role=\"region\" aria-roledescription=\"carousel\" aria-label=\"Offer Images\" dir=\"ltr\">\n\t\t\t<div class=\"elementor-image-carousel swiper-wrapper swiper-image-stretch\" aria-live=\"polite\">\n\t\t\t\t\t\t\t\t<div class=\"swiper-slide\" role=\"group\" aria-roledescription=\"slide\" aria-label=\"1 sur 4\"><a data-elementor-open-lightbox=\"yes\" data-elementor-lightbox-slideshow=\"85e7c45\" data-e-action-hash=\"#elementor-action%3Aaction%3Dlightbox%26settings%3DeyJpZCI6MTEzNTUsInVybCI6Imh0dHBzOlwvXC93d3cucGFrYXNhaS5jb21cL3dwLWNvbnRlbnRcL3VwbG9hZHNcLzIwMjVcLzA1XC9QYWthc2FpUmVzb3J0LTIwMjUtTWVldGluZy1Sb29tLTFPMUEzMzI2LWFmdGVybm9vbi10ZWEtc25hY2tzLWZvb2Qua3JhYmlfLndlYnAiLCJzbGlkZXNob3ciOiI4NWU3YzQ1In0%3D\" href=\"https:\/\/www.pakasai.com\/wp-content\/uploads\/2025\/05\/PakasaiResort-2025-Meeting-Room-1O1A3326-afternoon-tea-snacks-food.krabi_.webp\"><figure class=\"swiper-slide-inner\"><img decoding=\"async\" class=\"swiper-slide-image\" src=\"https:\/\/www.pakasai.com\/wp-content\/uploads\/2025\/05\/PakasaiResort-2025-Meeting-Room-1O1A3326-afternoon-tea-snacks-food.krabi_.webp\" alt=\"Meeting Room\" \/><\/figure><\/a><\/div><div class=\"swiper-slide\" role=\"group\" aria-roledescription=\"slide\" aria-label=\"2 sur 4\"><a data-elementor-open-lightbox=\"yes\" data-elementor-lightbox-slideshow=\"85e7c45\" data-e-action-hash=\"#elementor-action%3Aaction%3Dlightbox%26settings%3DeyJpZCI6MTEzNTYsInVybCI6Imh0dHBzOlwvXC93d3cucGFrYXNhaS5jb21cL3dwLWNvbnRlbnRcL3VwbG9hZHNcLzIwMjVcLzA1XC9QYWthc2FpUmVzb3J0LTIwMjUtTWVldGluZy1Sb29tLTFPMUEzMzI2LWFmdGVybm9vbi10ZWEtc25hY2tzLWZvb2Qtc2NhbGVkLndlYnAiLCJzbGlkZXNob3ciOiI4NWU3YzQ1In0%3D\" href=\"https:\/\/www.pakasai.com\/wp-content\/uploads\/2025\/05\/PakasaiResort-2025-Meeting-Room-1O1A3326-afternoon-tea-snacks-food-scaled.webp\"><figure class=\"swiper-slide-inner\"><img decoding=\"async\" class=\"swiper-slide-image\" src=\"https:\/\/www.pakasai.com\/wp-content\/uploads\/2025\/05\/PakasaiResort-2025-Meeting-Room-1O1A3326-afternoon-tea-snacks-food-scaled.webp\" alt=\"Meeting Room\" \/><\/figure><\/a><\/div><div class=\"swiper-slide\" role=\"group\" aria-roledescription=\"slide\" aria-label=\"3 sur 4\"><a data-elementor-open-lightbox=\"yes\" data-elementor-lightbox-slideshow=\"85e7c45\" data-e-action-hash=\"#elementor-action%3Aaction%3Dlightbox%26settings%3DeyJpZCI6MTEzNTcsInVybCI6Imh0dHBzOlwvXC93d3cucGFrYXNhaS5jb21cL3dwLWNvbnRlbnRcL3VwbG9hZHNcLzIwMjVcLzA1XC9QYWthc2FpUmVzb3J0LTIwMjUtTWVldGluZy1Sb29tLTFPMUEzMzcyLWFmdGVybm9vbi10ZWEtc25hY2tzLWZvb2Qtc2NhbGVkLndlYnAiLCJzbGlkZXNob3ciOiI4NWU3YzQ1In0%3D\" href=\"https:\/\/www.pakasai.com\/wp-content\/uploads\/2025\/05\/PakasaiResort-2025-Meeting-Room-1O1A3372-afternoon-tea-snacks-food-scaled.webp\"><figure class=\"swiper-slide-inner\"><img decoding=\"async\" class=\"swiper-slide-image\" src=\"https:\/\/www.pakasai.com\/wp-content\/uploads\/2025\/05\/PakasaiResort-2025-Meeting-Room-1O1A3372-afternoon-tea-snacks-food-scaled.webp\" alt=\"Meeting Room\" \/><\/figure><\/a><\/div><div class=\"swiper-slide\" role=\"group\" aria-roledescription=\"slide\" aria-label=\"4 sur 4\"><a data-elementor-open-lightbox=\"yes\" data-elementor-lightbox-slideshow=\"85e7c45\" data-e-action-hash=\"#elementor-action%3Aaction%3Dlightbox%26settings%3DeyJpZCI6MTEzNTgsInVybCI6Imh0dHBzOlwvXC93d3cucGFrYXNhaS5jb21cL3dwLWNvbnRlbnRcL3VwbG9hZHNcLzIwMjVcLzA1XC9QYWthc2FpUmVzb3J0LTIwMjUtTWVldGluZy1Sb29tLWFmdGVybm9vbi10ZWEtc25hY2tzLWZvb2QuanBnLndlYnAiLCJzbGlkZXNob3ciOiI4NWU3YzQ1In0%3D\" href=\"https:\/\/www.pakasai.com\/wp-content\/uploads\/2025\/05\/PakasaiResort-2025-Meeting-Room-afternoon-tea-snacks-food.jpg.webp\"><figure class=\"swiper-slide-inner\"><img decoding=\"async\" class=\"swiper-slide-image\" src=\"https:\/\/www.pakasai.com\/wp-content\/uploads\/2025\/05\/PakasaiResort-2025-Meeting-Room-afternoon-tea-snacks-food.jpg.webp\" alt=\"Meeting Room\" \/><\/figure><\/a><\/div>\t\t\t<\/div>\n\t\t\t\t\t\t\t\t\t\t\t\t<div class=\"elementor-swiper-button elementor-swiper-button-prev\" role=\"button\" tabindex=\"0\">\n\t\t\t\t\t\t<i aria-hidden=\"true\" class=\"fal fa-angle-left\"><\/i>\t\t\t\t\t<\/div>\n\t\t\t\t\t<div class=\"elementor-swiper-button elementor-swiper-button-next\" role=\"button\" tabindex=\"0\">\n\t\t\t\t\t\t<i aria-hidden=\"true\" class=\"fal fa-angle-right\"><\/i>\t\t\t\t\t<\/div>\n\t\t\t\t\n\t\t\t\t\t\t\t\t\t<\/div>\n\t\t\t\t\t\t<\/div>\n\t\t\t\t<\/div>\n\t\t\t\t\t<\/div>\n\t\t\t\t<\/div>\n\t\t<div class=\"elementor-element elementor-element-0c5190d better-animate e-flex e-con-boxed elementor-invisible e-con e-parent\" data-id=\"0c5190d\" data-element_type=\"container\" data-e-type=\"container\" data-settings=\"{&quot;animation&quot;:&quot;fadeInUp&quot;}\">\n\t\t\t\t\t<div class=\"e-con-inner\">\n\t\t<div class=\"elementor-element elementor-element-09327c7 e-con-full e-grid e-con e-child\" data-id=\"09327c7\" data-element_type=\"container\" data-e-type=\"container\">\n\t\t<div class=\"elementor-element elementor-element-004f5d7 e-con-full e-flex e-con e-child\" data-id=\"004f5d7\" data-element_type=\"container\" data-e-type=\"container\">\n\t\t\t\t<div class=\"elementor-element elementor-element-0e58bc0 elementor-widget elementor-widget-heading\" data-id=\"0e58bc0\" data-element_type=\"widget\" data-e-type=\"widget\" data-widget_type=\"heading.default\">\n\t\t\t\t<div class=\"elementor-widget-container\">\n\t\t\t\t\t<h3 class=\"elementor-heading-title elementor-size-default\">Taille<\/h3>\t\t\t\t<\/div>\n\t\t\t\t<\/div>\n\t\t\t\t<div class=\"elementor-element elementor-element-9a7c672 elementor-widget elementor-widget-text-editor\" data-id=\"9a7c672\" data-element_type=\"widget\" data-e-type=\"widget\" data-widget_type=\"text-editor.default\">\n\t\t\t\t<div class=\"elementor-widget-container\">\n\t\t\t\t\t\t\t\t\t<p>72 m\u00b2<br>Hauteur sous plafond 2,70 m.<\/p>\t\t\t\t\t\t\t\t<\/div>\n\t\t\t\t<\/div>\n\t\t\t\t<\/div>\n\t\t<div class=\"elementor-element elementor-element-5453818 e-con-full e-flex e-con e-child\" data-id=\"5453818\" data-element_type=\"container\" data-e-type=\"container\">\n\t\t\t\t<div class=\"elementor-element elementor-element-b8c18ae elementor-widget elementor-widget-heading\" data-id=\"b8c18ae\" data-element_type=\"widget\" data-e-type=\"widget\" data-widget_type=\"heading.default\">\n\t\t\t\t<div class=\"elementor-widget-container\">\n\t\t\t\t\t<h3 class=\"elementor-heading-title elementor-size-default\">Capacit\u00e9<\/h3>\t\t\t\t<\/div>\n\t\t\t\t<\/div>\n\t\t\t\t<div class=\"elementor-element elementor-element-6a01950 elementor-widget elementor-widget-text-editor\" data-id=\"6a01950\" data-element_type=\"widget\" data-e-type=\"widget\" data-widget_type=\"text-editor.default\">\n\t\t\t\t<div class=\"elementor-widget-container\">\n\t\t\t\t\t\t\t\t\t<table><tbody><tr><th>Theatre<\/th><td>65<\/td><\/tr><tr><th>U-Shaped<\/th><td>21<\/td><\/tr><tr><th>Class room<\/th><td>40<\/td><\/tr><\/tbody><\/table>\t\t\t\t\t\t\t\t<\/div>\n\t\t\t\t<\/div>\n\t\t\t\t<\/div>\n\t\t<div class=\"elementor-element elementor-element-273a81e e-con-full e-flex e-con e-child\" data-id=\"273a81e\" data-element_type=\"container\" data-e-type=\"container\">\n\t\t\t\t<div class=\"elementor-element elementor-element-8125619 elementor-widget elementor-widget-heading\" data-id=\"8125619\" data-element_type=\"widget\" data-e-type=\"widget\" data-widget_type=\"heading.default\">\n\t\t\t\t<div class=\"elementor-widget-container\">\n\t\t\t\t\t<h3 class=\"elementor-heading-title elementor-size-default\">Installations<\/h3>\t\t\t\t<\/div>\n\t\t\t\t<\/div>\n\t\t\t\t<div class=\"elementor-element elementor-element-d7016ce elementor-widget elementor-widget-text-editor\" data-id=\"d7016ce\" data-element_type=\"widget\" data-e-type=\"widget\" data-widget_type=\"text-editor.default\">\n\t\t\t\t<div class=\"elementor-widget-container\">\n\t\t\t\t\t\t\t\t\t<ul><li>Projecteur LCD<\/li><li>Papeterie<\/li><li>Internet Wi-Fi<\/li><li>Microphone<\/li><li>T\u00e9l\u00e9vision<\/li><li>Syst\u00e8me Hi-Fi<\/li><li>Syst\u00e8me lecteur vid\u00e9o\/DVD<\/li><li>Tableaux de conf\u00e9rence<\/li><li>tableaux blancs<\/li><li>Podiums<\/li><li>Sc\u00e8ne<\/li><\/ul>\t\t\t\t\t\t\t\t<\/div>\n\t\t\t\t<\/div>\n\t\t\t\t<\/div>\n\t\t\t\t<\/div>\n\t\t<div class=\"elementor-element elementor-element-26cdd0e e-con-full e-flex e-con e-child\" data-id=\"26cdd0e\" data-element_type=\"container\" data-e-type=\"container\">\n\t\t<div class=\"elementor-element elementor-element-8f16acf e-con-full e-flex e-con e-child\" data-id=\"8f16acf\" data-element_type=\"container\" data-e-type=\"container\">\n\t\t\t\t<div class=\"elementor-element elementor-element-1f01d76 elementor-widget elementor-widget-heading\" data-id=\"1f01d76\" data-element_type=\"widget\" data-e-type=\"widget\" data-widget_type=\"heading.default\">\n\t\t\t\t<div class=\"elementor-widget-container\">\n\t\t\t\t\t<h2 class=\"elementor-heading-title elementor-size-default\">Notre salle de r\u00e9union vous int\u00e9resse ?<\/h2>\t\t\t\t<\/div>\n\t\t\t\t<\/div>\n\t\t\t\t<\/div>\n\t\t<div class=\"elementor-element elementor-element-74f6f9c e-con-full e-flex e-con e-child\" data-id=\"74f6f9c\" data-element_type=\"container\" data-e-type=\"container\">\n\t\t\t\t<div class=\"elementor-element elementor-element-0ab7e90 elementor-widget elementor-widget-button\" data-id=\"0ab7e90\" data-element_type=\"widget\" data-e-type=\"widget\" data-widget_type=\"button.default\">\n\t\t\t\t<div class=\"elementor-widget-container\">\n\t\t\t\t\t\t\t\t\t<div class=\"elementor-button-wrapper\">\n\t\t\t\t\t<a class=\"elementor-button elementor-button-link elementor-size-sm\" href=\"#elementor-action%3Aaction%3Dpopup%3Aopen%26settings%3DeyJpZCI6MTAzODIsInRvZ2dsZSI6ZmFsc2V9\" target=\"_blank\">\n\t\t\t\t\t\t<span class=\"elementor-button-content-wrapper\">\n\t\t\t\t\t\t\t\t\t<span class=\"elementor-button-text\">Faire une demande<\/span>\n\t\t\t\t\t<\/span>\n\t\t\t\t\t<\/a>\n\t\t\t\t<\/div>\n\t\t\t\t\t\t\t\t<\/div>\n\t\t\t\t<\/div>\n\t\t\t\t<\/div>\n\t\t\t\t<\/div>\n\t\t\t\t\t<\/div>\n\t\t\t\t<\/div>\n\t\t\t\t<\/div>\n\t\t","protected":false},"excerpt":{"rendered":"<p>Installations Salle de r\u00e9union Organisez une r\u00e9union haut de gamme et \u00e9coresponsable dans la salle de r\u00e9union Angsana, con\u00e7ue dans le respect de l&rsquo;environnement et de la fonctionnalit\u00e9. Cette salle polyvalente est dot\u00e9e d&rsquo;\u00e9quipements \u00e9conomes en \u00e9nergie et b\u00e9n\u00e9ficie d&rsquo;une abondante lumi\u00e8re naturelle. Son vaste hall d&rsquo;entr\u00e9e s&rsquo;ouvre sur une vue apaisante du jardin tropical, [&hellip;]<\/p>\n","protected":false},"author":4,"featured_media":12423,"parent":12354,"menu_order":20,"comment_status":"closed","ping_status":"closed","template":"","meta":{"footnotes":""},"class_list":["post-12419","page","type-page","status-publish","has-post-thumbnail","hentry"],"meta_box":[],"_links":{"self":[{"href":"https:\/\/www.pakasai.com\/fr\/wp-json\/wp\/v2\/pages\/12419","targetHints":{"allow":["GET"]}}],"collection":[{"href":"https:\/\/www.pakasai.com\/fr\/wp-json\/wp\/v2\/pages"}],"about":[{"href":"https:\/\/www.pakasai.com\/fr\/wp-json\/wp\/v2\/types\/page"}],"author":[{"embeddable":true,"href":"https:\/\/www.pakasai.com\/fr\/wp-json\/wp\/v2\/users\/4"}],"replies":[{"embeddable":true,"href":"https:\/\/www.pakasai.com\/fr\/wp-json\/wp\/v2\/comments?post=12419"}],"version-history":[{"count":1,"href":"https:\/\/www.pakasai.com\/fr\/wp-json\/wp\/v2\/pages\/12419\/revisions"}],"predecessor-version":[{"id":12424,"href":"https:\/\/www.pakasai.com\/fr\/wp-json\/wp\/v2\/pages\/12419\/revisions\/12424"}],"up":[{"embeddable":true,"href":"https:\/\/www.pakasai.com\/fr\/wp-json\/wp\/v2\/pages\/12354"}],"wp:featuredmedia":[{"embeddable":true,"href":"https:\/\/www.pakasai.com\/fr\/wp-json\/wp\/v2\/media\/12423"}],"wp:attachment":[{"href":"https:\/\/www.pakasai.com\/fr\/wp-json\/wp\/v2\/media?parent=12419"}],"curies":[{"name":"wp","href":"https:\/\/api.w.org\/{rel}","templated":true}]}}