{"id":12416,"date":"2025-05-26T16:30:12","date_gmt":"2025-05-26T09:30:12","guid":{"rendered":"https:\/\/www.pakasai.com\/4-star-hotel-facilities-krabis\/rangrong-spa"},"modified":"2026-02-05T01:20:10","modified_gmt":"2026-02-04T18:20:10","slug":"rangrong-spa","status":"publish","type":"page","link":"https:\/\/www.pakasai.com\/fr\/4-star-hotel-facilities-krabis\/rangrong-spa","title":{"rendered":"Spa de Rangrong"},"content":{"rendered":"\t\t<div data-elementor-type=\"wp-page\" data-elementor-id=\"12416\" class=\"elementor elementor-12416 elementor-11411\" data-elementor-post-type=\"page\">\n\t\t\t\t<div class=\"elementor-element elementor-element-e57a981 e-flex e-con-boxed e-con e-parent\" data-id=\"e57a981\" data-element_type=\"container\" data-e-type=\"container\">\n\t\t\t\t\t<div class=\"e-con-inner\">\n\t\t<nav class=\"elementor-element elementor-element-758fd16 e-con-full e-flex elementor-invisible e-con e-child\" data-id=\"758fd16\" data-element_type=\"container\" data-e-type=\"container\" data-settings=\"{&quot;animation&quot;:&quot;fadeIn&quot;}\">\n\t\t\t\t<div class=\"elementor-element elementor-element-966d0a4 elementor-widget elementor-widget-text-editor\" data-id=\"966d0a4\" data-element_type=\"widget\" data-e-type=\"widget\" data-widget_type=\"text-editor.default\">\n\t\t\t\t<div class=\"elementor-widget-container\">\n\t\t\t\t\t\t\t\t\t<p><a href=\"https:\/\/www.pakasai.com\/fr\/4-star-hotel-facilities-krabis\">Installations<\/a><\/p>\t\t\t\t\t\t\t\t<\/div>\n\t\t\t\t<\/div>\n\t\t\t\t<\/nav>\n\t\t<div class=\"elementor-element elementor-element-5fcb483 e-con-full better-animate e-flex elementor-invisible e-con e-child\" data-id=\"5fcb483\" data-element_type=\"container\" data-e-type=\"container\" data-settings=\"{&quot;animation&quot;:&quot;fadeInUp&quot;}\">\n\t\t\t\t<div class=\"elementor-element elementor-element-26c63b3 elementor-widget elementor-widget-heading\" data-id=\"26c63b3\" data-element_type=\"widget\" data-e-type=\"widget\" data-widget_type=\"heading.default\">\n\t\t\t\t<div class=\"elementor-widget-container\">\n\t\t\t\t\t<h1 class=\"elementor-heading-title elementor-size-default\">Spa de Rangrong<\/h1>\t\t\t\t<\/div>\n\t\t\t\t<\/div>\n\t\t\t\t<div class=\"elementor-element elementor-element-26e59eb elementor-widget elementor-widget-text-editor\" data-id=\"26e59eb\" data-element_type=\"widget\" data-e-type=\"widget\" data-widget_type=\"text-editor.default\">\n\t\t\t\t<div class=\"elementor-widget-container\">\n\t\t\t\t\t\t\t\t\t<article class=\"text-token-text-primary w-full\" dir=\"auto\" data-testid=\"conversation-turn-40\" data-scroll-anchor=\"true\"><div class=\"text-base my-auto mx-auto py-5 [--thread-content-margin:--spacing(4)] @[37rem]:[--thread-content-margin:--spacing(6)] @[72rem]:[--thread-content-margin:--spacing(16)] px-(--thread-content-margin)\"><div class=\"[--thread-content-max-width:32rem] @[34rem]:[--thread-content-max-width:40rem] @[64rem]:[--thread-content-max-width:48rem] mx-auto flex max-w-(--thread-content-max-width) flex-1 text-base gap-4 md:gap-5 lg:gap-6 group\/turn-messages focus-visible:outline-hidden\" tabindex=\"-1\"><div class=\"group\/conversation-turn relative flex w-full min-w-0 flex-col agent-turn\"><div class=\"relative flex-col gap-1 md:gap-3\"><div class=\"flex max-w-full flex-col grow\"><div class=\"min-h-8 text-message relative flex w-full flex-col items-end gap-2 text-start break-words whitespace-normal [.text-message+&amp;]:mt-5\" dir=\"auto\" data-message-author-role=\"assistant\" data-message-id=\"2e192333-dbe4-4e2f-a98f-bfc434288160\" data-message-model-slug=\"gpt-4o\"><div class=\"flex w-full flex-col gap-1 empty:hidden first:pt-[3px]\"><div class=\"markdown prose dark:prose-invert w-full break-words light\"><p data-start=\"139\" data-end=\"398\" data-is-last-node=\"\" data-is-only-node=\"\">Nich\u00e9 dans un coin paisible du jardin de l&rsquo;h\u00f4tel, le spa Rangrong offre un havre de paix propice \u00e0 la d\u00e9tente. Choisissez parmi des massages doux, des soins du corps ou des soins du visage con\u00e7us pour relaxer et revitaliser. C&rsquo;est une parenth\u00e8se apaisante et simple o\u00f9 la nature favorise la s\u00e9r\u00e9nit\u00e9.  <\/p><\/div><\/div><\/div><\/div><\/div><\/div><\/div><\/div><\/article>\t\t\t\t\t\t\t\t<\/div>\n\t\t\t\t<\/div>\n\t\t\t\t<div class=\"elementor-element elementor-element-3db2bfa elementor-align-center elementor-widget elementor-widget-button\" data-id=\"3db2bfa\" data-element_type=\"widget\" data-e-type=\"widget\" data-widget_type=\"button.default\">\n\t\t\t\t<div class=\"elementor-widget-container\">\n\t\t\t\t\t\t\t\t\t<div class=\"elementor-button-wrapper\">\n\t\t\t\t\t<a class=\"elementor-button elementor-button-link elementor-size-sm\" href=\"#\">\n\t\t\t\t\t\t<span class=\"elementor-button-content-wrapper\">\n\t\t\t\t\t\t\t\t\t<span class=\"elementor-button-text\">MENU SPA<\/span>\n\t\t\t\t\t<\/span>\n\t\t\t\t\t<\/a>\n\t\t\t\t<\/div>\n\t\t\t\t\t\t\t\t<\/div>\n\t\t\t\t<\/div>\n\t\t\t\t<\/div>\n\t\t\t\t\t<\/div>\n\t\t\t\t<\/div>\n\t\t<div class=\"elementor-element elementor-element-d452771 e-flex e-con-boxed e-con e-parent\" data-id=\"d452771\" data-element_type=\"container\" data-e-type=\"container\">\n\t\t\t\t\t<div class=\"e-con-inner\">\n\t\t\t\t<div class=\"elementor-element elementor-element-85e7c45 room-image-carousel slide-with-hint-cursor elementor-arrows-position-inside elementor-invisible elementor-widget elementor-widget-image-carousel\" data-id=\"85e7c45\" data-element_type=\"widget\" data-e-type=\"widget\" data-settings=\"{&quot;slides_to_show&quot;:&quot;1&quot;,&quot;effect&quot;:&quot;fade&quot;,&quot;navigation&quot;:&quot;arrows&quot;,&quot;_animation&quot;:&quot;fadeIn&quot;,&quot;infinite&quot;:&quot;yes&quot;,&quot;speed&quot;:500}\" data-widget_type=\"image-carousel.default\">\n\t\t\t\t<div class=\"elementor-widget-container\">\n\t\t\t\t\t\t\t<div class=\"elementor-image-carousel-wrapper swiper\" role=\"region\" aria-roledescription=\"carousel\" aria-label=\"Offer Images\" dir=\"ltr\">\n\t\t\t<div class=\"elementor-image-carousel swiper-wrapper swiper-image-stretch\" aria-live=\"polite\">\n\t\t\t\t\t\t\t\t<div class=\"swiper-slide\" role=\"group\" aria-roledescription=\"slide\" aria-label=\"1 sur 10\"><a data-elementor-open-lightbox=\"yes\" data-elementor-lightbox-slideshow=\"85e7c45\" data-e-action-hash=\"#elementor-action%3Aaction%3Dlightbox%26settings%3DeyJpZCI6MTE0NjYsInVybCI6Imh0dHBzOlwvXC93d3cucGFrYXNhaS5jb21cL3dwLWNvbnRlbnRcL3VwbG9hZHNcLzIwMjVcLzA1XC9QYWthc2FpUmVzb3J0LTIwMjUtU3BhLTFPMUEzNzU5LXNjYWxlZC5qcGciLCJzbGlkZXNob3ciOiI4NWU3YzQ1In0%3D\" href=\"https:\/\/www.pakasai.com\/wp-content\/uploads\/2025\/05\/PakasaiResort-2025-Spa-1O1A3759-scaled.jpg\"><figure class=\"swiper-slide-inner\"><img decoding=\"async\" class=\"swiper-slide-image\" src=\"https:\/\/www.pakasai.com\/wp-content\/uploads\/2025\/05\/PakasaiResort-2025-Spa-1O1A3759-scaled.jpg\" alt=\"Serene Decors at Rangrong\" \/><\/figure><\/a><\/div><div class=\"swiper-slide\" role=\"group\" aria-roledescription=\"slide\" aria-label=\"2 sur 10\"><a data-elementor-open-lightbox=\"yes\" data-elementor-lightbox-slideshow=\"85e7c45\" data-e-action-hash=\"#elementor-action%3Aaction%3Dlightbox%26settings%3DeyJpZCI6MTE0NjUsInVybCI6Imh0dHBzOlwvXC93d3cucGFrYXNhaS5jb21cL3dwLWNvbnRlbnRcL3VwbG9hZHNcLzIwMjVcLzA1XC9QYWthc2FpUmVzb3J0LTIwMjUtU3BhLTFPMUEzNzgwLXNjYWxlZC5qcGciLCJzbGlkZXNob3ciOiI4NWU3YzQ1In0%3D\" href=\"https:\/\/www.pakasai.com\/wp-content\/uploads\/2025\/05\/PakasaiResort-2025-Spa-1O1A3780-scaled.jpg\"><figure class=\"swiper-slide-inner\"><img decoding=\"async\" class=\"swiper-slide-image\" src=\"https:\/\/www.pakasai.com\/wp-content\/uploads\/2025\/05\/PakasaiResort-2025-Spa-1O1A3780-scaled.jpg\" alt=\"Rangrong Spa entrance\" \/><\/figure><\/a><\/div><div class=\"swiper-slide\" role=\"group\" aria-roledescription=\"slide\" aria-label=\"3 sur 10\"><a data-elementor-open-lightbox=\"yes\" data-elementor-lightbox-slideshow=\"85e7c45\" data-e-action-hash=\"#elementor-action%3Aaction%3Dlightbox%26settings%3DeyJpZCI6MTE0NjQsInVybCI6Imh0dHBzOlwvXC93d3cucGFrYXNhaS5jb21cL3dwLWNvbnRlbnRcL3VwbG9hZHNcLzIwMjVcLzA1XC9QYWthc2FpUmVzb3J0LTIwMjUtU3BhLVdlbGxuZXNzLTFPMUEyMjIyLXNjYWxlZC5qcGciLCJzbGlkZXNob3ciOiI4NWU3YzQ1In0%3D\" href=\"https:\/\/www.pakasai.com\/wp-content\/uploads\/2025\/05\/PakasaiResort-2025-Spa-Wellness-1O1A2222-scaled.jpg\"><figure class=\"swiper-slide-inner\"><img decoding=\"async\" class=\"swiper-slide-image\" src=\"https:\/\/www.pakasai.com\/wp-content\/uploads\/2025\/05\/PakasaiResort-2025-Spa-Wellness-1O1A2222-scaled.jpg\" alt=\"Decor at Rangrong\" \/><\/figure><\/a><\/div><div class=\"swiper-slide\" role=\"group\" aria-roledescription=\"slide\" aria-label=\"4 sur 10\"><a data-elementor-open-lightbox=\"yes\" data-elementor-lightbox-slideshow=\"85e7c45\" data-e-action-hash=\"#elementor-action%3Aaction%3Dlightbox%26settings%3DeyJpZCI6MTE0NjMsInVybCI6Imh0dHBzOlwvXC93d3cucGFrYXNhaS5jb21cL3dwLWNvbnRlbnRcL3VwbG9hZHNcLzIwMjVcLzA1XC9QYWthc2FpUmVzb3J0LTIwMjUtU3BhLVdlbGxuZXNzLTFPMUEzNjUxLXNjYWxlZC5qcGciLCJzbGlkZXNob3ciOiI4NWU3YzQ1In0%3D\" href=\"https:\/\/www.pakasai.com\/wp-content\/uploads\/2025\/05\/PakasaiResort-2025-Spa-Wellness-1O1A3651-scaled.jpg\"><figure class=\"swiper-slide-inner\"><img decoding=\"async\" class=\"swiper-slide-image\" src=\"https:\/\/www.pakasai.com\/wp-content\/uploads\/2025\/05\/PakasaiResort-2025-Spa-Wellness-1O1A3651-scaled.jpg\" alt=\"Rangrong Spa rooms\" \/><\/figure><\/a><\/div><div class=\"swiper-slide\" role=\"group\" aria-roledescription=\"slide\" aria-label=\"5 sur 10\"><a data-elementor-open-lightbox=\"yes\" data-elementor-lightbox-slideshow=\"85e7c45\" data-e-action-hash=\"#elementor-action%3Aaction%3Dlightbox%26settings%3DeyJpZCI6MTE0NjIsInVybCI6Imh0dHBzOlwvXC93d3cucGFrYXNhaS5jb21cL3dwLWNvbnRlbnRcL3VwbG9hZHNcLzIwMjVcLzA1XC9QYWthc2FpUmVzb3J0LTIwMjUtU3BhLVdlbGxuZXNzLU1hc3NhZ2UtMU8xQTYxODQtc2NhbGVkLmpwZyIsInNsaWRlc2hvdyI6Ijg1ZTdjNDUifQ%3D%3D\" href=\"https:\/\/www.pakasai.com\/wp-content\/uploads\/2025\/05\/PakasaiResort-2025-Spa-Wellness-Massage-1O1A6184-scaled.jpg\"><figure class=\"swiper-slide-inner\"><img decoding=\"async\" class=\"swiper-slide-image\" src=\"https:\/\/www.pakasai.com\/wp-content\/uploads\/2025\/05\/PakasaiResort-2025-Spa-Wellness-Massage-1O1A6184-scaled.jpg\" alt=\"Aromatherapy Massage\" \/><\/figure><\/a><\/div><div class=\"swiper-slide\" role=\"group\" aria-roledescription=\"slide\" aria-label=\"6 sur 10\"><a data-elementor-open-lightbox=\"yes\" data-elementor-lightbox-slideshow=\"85e7c45\" data-e-action-hash=\"#elementor-action%3Aaction%3Dlightbox%26settings%3DeyJpZCI6MTE0NjEsInVybCI6Imh0dHBzOlwvXC93d3cucGFrYXNhaS5jb21cL3dwLWNvbnRlbnRcL3VwbG9hZHNcLzIwMjVcLzA1XC9QYWthc2FpUmVzb3J0LTIwMjUtU3BhLVdlbGxuZXNzLU1hc3NhZ2UtMU8xQTYyMTQtTkFULXNjYWxlZC5qcGciLCJzbGlkZXNob3ciOiI4NWU3YzQ1In0%3D\" href=\"https:\/\/www.pakasai.com\/wp-content\/uploads\/2025\/05\/PakasaiResort-2025-Spa-Wellness-Massage-1O1A6214-NAT-scaled.jpg\"><figure class=\"swiper-slide-inner\"><img decoding=\"async\" class=\"swiper-slide-image\" src=\"https:\/\/www.pakasai.com\/wp-content\/uploads\/2025\/05\/PakasaiResort-2025-Spa-Wellness-Massage-1O1A6214-NAT-scaled.jpg\" alt=\"Body treatments at Rangrong Spa\" \/><\/figure><\/a><\/div><div class=\"swiper-slide\" role=\"group\" aria-roledescription=\"slide\" aria-label=\"7 sur 10\"><a data-elementor-open-lightbox=\"yes\" data-elementor-lightbox-slideshow=\"85e7c45\" data-e-action-hash=\"#elementor-action%3Aaction%3Dlightbox%26settings%3DeyJpZCI6MTE0NjAsInVybCI6Imh0dHBzOlwvXC93d3cucGFrYXNhaS5jb21cL3dwLWNvbnRlbnRcL3VwbG9hZHNcLzIwMjVcLzA1XC9QYWthc2FpUmVzb3J0LTIwMjUtU3BhLVdlbGxuZXNzLU1hc3NhZ2UtMU8xQTYzNDgtc2NhbGVkLmpwZyIsInNsaWRlc2hvdyI6Ijg1ZTdjNDUifQ%3D%3D\" href=\"https:\/\/www.pakasai.com\/wp-content\/uploads\/2025\/05\/PakasaiResort-2025-Spa-Wellness-Massage-1O1A6348-scaled.jpg\"><figure class=\"swiper-slide-inner\"><img decoding=\"async\" class=\"swiper-slide-image\" src=\"https:\/\/www.pakasai.com\/wp-content\/uploads\/2025\/05\/PakasaiResort-2025-Spa-Wellness-Massage-1O1A6348-scaled.jpg\" alt=\"Rangrong Spa\" \/><\/figure><\/a><\/div><div class=\"swiper-slide\" role=\"group\" aria-roledescription=\"slide\" aria-label=\"8 sur 10\"><a data-elementor-open-lightbox=\"yes\" data-elementor-lightbox-slideshow=\"85e7c45\" data-e-action-hash=\"#elementor-action%3Aaction%3Dlightbox%26settings%3DeyJpZCI6MTI0MTcsInVybCI6Imh0dHBzOlwvXC93d3cucGFrYXNhaS5jb21cL3dwLWNvbnRlbnRcL3VwbG9hZHNcLzIwMjVcLzA1XC9QYWthc2FpUmVzb3J0LTIwMjUtU3BhLVdlbGxuZXNzLU1hc3NhZ2UtMU8xQTYyOTItTkFULXNjYWxlZC5qcGciLCJzbGlkZXNob3ciOiI4NWU3YzQ1In0%3D\" href=\"https:\/\/www.pakasai.com\/wp-content\/uploads\/2025\/05\/PakasaiResort-2025-Spa-Wellness-Massage-1O1A6292-NAT-scaled.jpg\"><figure class=\"swiper-slide-inner\"><img decoding=\"async\" class=\"swiper-slide-image\" src=\"https:\/\/www.pakasai.com\/wp-content\/uploads\/2025\/05\/PakasaiResort-2025-Spa-Wellness-Massage-1O1A6292-NAT-scaled.jpg\" alt=\"Massage at Rangrong Spa\" \/><\/figure><\/a><\/div><div class=\"swiper-slide\" role=\"group\" aria-roledescription=\"slide\" aria-label=\"9 sur 10\"><a data-elementor-open-lightbox=\"yes\" data-elementor-lightbox-slideshow=\"85e7c45\" data-e-action-hash=\"#elementor-action%3Aaction%3Dlightbox%26settings%3DeyJpZCI6MTE0NTgsInVybCI6Imh0dHBzOlwvXC93d3cucGFrYXNhaS5jb21cL3dwLWNvbnRlbnRcL3VwbG9hZHNcLzIwMjVcLzA1XC9QYWthc2FpUmVzb3J0LTIwMjUtU3BhLVdlbGxuZXNzLU1hc3NhZ2UtMU8xQTY1OTMtc2NhbGVkLmpwZyIsInNsaWRlc2hvdyI6Ijg1ZTdjNDUifQ%3D%3D\" href=\"https:\/\/www.pakasai.com\/wp-content\/uploads\/2025\/05\/PakasaiResort-2025-Spa-Wellness-Massage-1O1A6593-scaled.jpg\"><figure class=\"swiper-slide-inner\"><img decoding=\"async\" class=\"swiper-slide-image\" src=\"https:\/\/www.pakasai.com\/wp-content\/uploads\/2025\/05\/PakasaiResort-2025-Spa-Wellness-Massage-1O1A6593-scaled.jpg\" alt=\"Rangrong Spa\" \/><\/figure><\/a><\/div><div class=\"swiper-slide\" role=\"group\" aria-roledescription=\"slide\" aria-label=\"10 sur 10\"><a data-elementor-open-lightbox=\"yes\" data-elementor-lightbox-slideshow=\"85e7c45\" data-e-action-hash=\"#elementor-action%3Aaction%3Dlightbox%26settings%3DeyJpZCI6MTE0NTcsInVybCI6Imh0dHBzOlwvXC93d3cucGFrYXNhaS5jb21cL3dwLWNvbnRlbnRcL3VwbG9hZHNcLzIwMjVcLzA1XC9QYWthc2FpUmVzb3J0LTIwMjUtU3BhLVdlbGxuZXNzLU1vZGVsLTFPMUE2MzgzLU5BVC1zY2FsZWQuanBnIiwic2xpZGVzaG93IjoiODVlN2M0NSJ9\" href=\"https:\/\/www.pakasai.com\/wp-content\/uploads\/2025\/05\/PakasaiResort-2025-Spa-Wellness-Model-1O1A6383-NAT-scaled.jpg\"><figure class=\"swiper-slide-inner\"><img decoding=\"async\" class=\"swiper-slide-image\" src=\"https:\/\/www.pakasai.com\/wp-content\/uploads\/2025\/05\/PakasaiResort-2025-Spa-Wellness-Model-1O1A6383-NAT-scaled.jpg\" alt=\"Face Spa at Rangrong\" \/><\/figure><\/a><\/div>\t\t\t<\/div>\n\t\t\t\t\t\t\t\t\t\t\t\t<div class=\"elementor-swiper-button elementor-swiper-button-prev\" role=\"button\" tabindex=\"0\">\n\t\t\t\t\t\t<i aria-hidden=\"true\" class=\"fal fa-angle-left\"><\/i>\t\t\t\t\t<\/div>\n\t\t\t\t\t<div class=\"elementor-swiper-button elementor-swiper-button-next\" role=\"button\" tabindex=\"0\">\n\t\t\t\t\t\t<i aria-hidden=\"true\" class=\"fal fa-angle-right\"><\/i>\t\t\t\t\t<\/div>\n\t\t\t\t\n\t\t\t\t\t\t\t\t\t<\/div>\n\t\t\t\t\t\t<\/div>\n\t\t\t\t<\/div>\n\t\t\t\t\t<\/div>\n\t\t\t\t<\/div>\n\t\t<div class=\"elementor-element elementor-element-0c5190d better-animate e-flex e-con-boxed elementor-invisible e-con e-parent\" data-id=\"0c5190d\" data-element_type=\"container\" data-e-type=\"container\" data-settings=\"{&quot;animation&quot;:&quot;fadeInUp&quot;}\">\n\t\t\t\t\t<div class=\"e-con-inner\">\n\t\t<div class=\"elementor-element elementor-element-09327c7 e-con-full e-grid e-con e-child\" data-id=\"09327c7\" data-element_type=\"container\" data-e-type=\"container\">\n\t\t<div class=\"elementor-element elementor-element-004f5d7 e-con-full e-flex e-con e-child\" data-id=\"004f5d7\" data-element_type=\"container\" data-e-type=\"container\">\n\t\t\t\t<div class=\"elementor-element elementor-element-0e58bc0 elementor-widget elementor-widget-heading\" data-id=\"0e58bc0\" data-element_type=\"widget\" data-e-type=\"widget\" data-widget_type=\"heading.default\">\n\t\t\t\t<div class=\"elementor-widget-container\">\n\t\t\t\t\t<h3 class=\"elementor-heading-title elementor-size-default\">Ouvert de 10h00 \u00e0 19h00<\/h3>\t\t\t\t<\/div>\n\t\t\t\t<\/div>\n\t\t\t\t<\/div>\n\t\t<div class=\"elementor-element elementor-element-5453818 e-con-full e-flex e-con e-child\" data-id=\"5453818\" data-element_type=\"container\" data-e-type=\"container\">\n\t\t\t\t<\/div>\n\t\t<div class=\"elementor-element elementor-element-273a81e e-con-full e-flex e-con e-child\" data-id=\"273a81e\" data-element_type=\"container\" data-e-type=\"container\">\n\t\t\t\t<div class=\"elementor-element elementor-element-8125619 elementor-widget elementor-widget-heading\" data-id=\"8125619\" data-element_type=\"widget\" data-e-type=\"widget\" data-widget_type=\"heading.default\">\n\t\t\t\t<div class=\"elementor-widget-container\">\n\t\t\t\t\t<h3 class=\"elementor-heading-title elementor-size-default\">Veuillez contacter notre r\u00e9ception pour effectuer une r\u00e9servation. <\/h3>\t\t\t\t<\/div>\n\t\t\t\t<\/div>\n\t\t\t\t<\/div>\n\t\t\t\t<\/div>\n\t\t<div class=\"elementor-element elementor-element-26cdd0e e-con-full elementor-hidden-desktop elementor-hidden-tablet elementor-hidden-mobile e-flex e-con e-child\" data-id=\"26cdd0e\" data-element_type=\"container\" data-e-type=\"container\">\n\t\t<div class=\"elementor-element elementor-element-8f16acf e-con-full e-flex e-con e-child\" data-id=\"8f16acf\" data-element_type=\"container\" data-e-type=\"container\">\n\t\t\t\t<div class=\"elementor-element elementor-element-1f01d76 elementor-widget elementor-widget-heading\" data-id=\"1f01d76\" data-element_type=\"widget\" data-e-type=\"widget\" data-widget_type=\"heading.default\">\n\t\t\t\t<div class=\"elementor-widget-container\">\n\t\t\t\t\t<h2 class=\"elementor-heading-title elementor-size-default\">Notre salle de r\u00e9union vous int\u00e9resse ?<\/h2>\t\t\t\t<\/div>\n\t\t\t\t<\/div>\n\t\t\t\t<\/div>\n\t\t<div class=\"elementor-element elementor-element-74f6f9c e-con-full e-flex e-con e-child\" data-id=\"74f6f9c\" data-element_type=\"container\" data-e-type=\"container\">\n\t\t\t\t<div class=\"elementor-element elementor-element-0ab7e90 elementor-widget elementor-widget-button\" data-id=\"0ab7e90\" data-element_type=\"widget\" data-e-type=\"widget\" data-widget_type=\"button.default\">\n\t\t\t\t<div class=\"elementor-widget-container\">\n\t\t\t\t\t\t\t\t\t<div class=\"elementor-button-wrapper\">\n\t\t\t\t\t<a class=\"elementor-button elementor-button-link elementor-size-sm\" href=\"#elementor-action%3Aaction%3Dpopup%3Aopen%26settings%3DeyJpZCI6MTAzODIsInRvZ2dsZSI6ZmFsc2V9\" target=\"_blank\">\n\t\t\t\t\t\t<span class=\"elementor-button-content-wrapper\">\n\t\t\t\t\t\t\t\t\t<span class=\"elementor-button-text\">Faire une demande<\/span>\n\t\t\t\t\t<\/span>\n\t\t\t\t\t<\/a>\n\t\t\t\t<\/div>\n\t\t\t\t\t\t\t\t<\/div>\n\t\t\t\t<\/div>\n\t\t\t\t<\/div>\n\t\t\t\t<\/div>\n\t\t\t\t\t<\/div>\n\t\t\t\t<\/div>\n\t\t\t\t<\/div>\n\t\t","protected":false},"excerpt":{"rendered":"<p>Installations Nich\u00e9 dans un coin paisible du jardin de l&rsquo;h\u00f4tel, le spa Rangrong offre un havre de paix propice \u00e0 la d\u00e9tente. Choisissez parmi des massages doux, des soins du corps ou des soins du visage con\u00e7us pour relaxer et revitaliser. C&rsquo;est une parenth\u00e8se apaisante et simple o\u00f9 la nature favorise la s\u00e9r\u00e9nit\u00e9. MENU SPA [&hellip;]<\/p>\n","protected":false},"author":4,"featured_media":12417,"parent":12354,"menu_order":19,"comment_status":"closed","ping_status":"closed","template":"elementor_header_footer","meta":{"footnotes":""},"class_list":["post-12416","page","type-page","status-publish","has-post-thumbnail","hentry"],"meta_box":[],"_links":{"self":[{"href":"https:\/\/www.pakasai.com\/fr\/wp-json\/wp\/v2\/pages\/12416","targetHints":{"allow":["GET"]}}],"collection":[{"href":"https:\/\/www.pakasai.com\/fr\/wp-json\/wp\/v2\/pages"}],"about":[{"href":"https:\/\/www.pakasai.com\/fr\/wp-json\/wp\/v2\/types\/page"}],"author":[{"embeddable":true,"href":"https:\/\/www.pakasai.com\/fr\/wp-json\/wp\/v2\/users\/4"}],"replies":[{"embeddable":true,"href":"https:\/\/www.pakasai.com\/fr\/wp-json\/wp\/v2\/comments?post=12416"}],"version-history":[{"count":1,"href":"https:\/\/www.pakasai.com\/fr\/wp-json\/wp\/v2\/pages\/12416\/revisions"}],"predecessor-version":[{"id":12418,"href":"https:\/\/www.pakasai.com\/fr\/wp-json\/wp\/v2\/pages\/12416\/revisions\/12418"}],"up":[{"embeddable":true,"href":"https:\/\/www.pakasai.com\/fr\/wp-json\/wp\/v2\/pages\/12354"}],"wp:featuredmedia":[{"embeddable":true,"href":"https:\/\/www.pakasai.com\/fr\/wp-json\/wp\/v2\/media\/12417"}],"wp:attachment":[{"href":"https:\/\/www.pakasai.com\/fr\/wp-json\/wp\/v2\/media?parent=12416"}],"curies":[{"name":"wp","href":"https:\/\/api.w.org\/{rel}","templated":true}]}}