{"id":12410,"date":"2025-05-26T16:28:51","date_gmt":"2025-05-26T09:28:51","guid":{"rendered":"https:\/\/www.pakasai.com\/4-star-hotel-facilities-krabis\/fitnesss"},"modified":"2026-02-05T01:17:49","modified_gmt":"2026-02-04T18:17:49","slug":"fitnesss","status":"publish","type":"page","link":"https:\/\/www.pakasai.com\/fr\/4-star-hotel-facilities-krabis\/fitnesss","title":{"rendered":"Aptitude"},"content":{"rendered":"\t\t<div data-elementor-type=\"wp-page\" data-elementor-id=\"12410\" class=\"elementor elementor-12410 elementor-11405\" data-elementor-post-type=\"page\">\n\t\t\t\t<div class=\"elementor-element elementor-element-e57a981 e-flex e-con-boxed e-con e-parent\" data-id=\"e57a981\" data-element_type=\"container\" data-e-type=\"container\">\n\t\t\t\t\t<div class=\"e-con-inner\">\n\t\t<nav class=\"elementor-element elementor-element-758fd16 e-con-full e-flex elementor-invisible e-con e-child\" data-id=\"758fd16\" data-element_type=\"container\" data-e-type=\"container\" data-settings=\"{&quot;animation&quot;:&quot;fadeIn&quot;}\">\n\t\t\t\t<div class=\"elementor-element elementor-element-966d0a4 elementor-widget elementor-widget-text-editor\" data-id=\"966d0a4\" data-element_type=\"widget\" data-e-type=\"widget\" data-widget_type=\"text-editor.default\">\n\t\t\t\t<div class=\"elementor-widget-container\">\n\t\t\t\t\t\t\t\t\t<p><a href=\"https:\/\/www.pakasai.com\/fr\/4-star-hotel-facilities-krabis\">Installations<\/a><\/p>\t\t\t\t\t\t\t\t<\/div>\n\t\t\t\t<\/div>\n\t\t\t\t<\/nav>\n\t\t<div class=\"elementor-element elementor-element-5fcb483 e-con-full better-animate e-flex elementor-invisible e-con e-child\" data-id=\"5fcb483\" data-element_type=\"container\" data-e-type=\"container\" data-settings=\"{&quot;animation&quot;:&quot;fadeInUp&quot;}\">\n\t\t\t\t<div class=\"elementor-element elementor-element-26c63b3 elementor-widget elementor-widget-heading\" data-id=\"26c63b3\" data-element_type=\"widget\" data-e-type=\"widget\" data-widget_type=\"heading.default\">\n\t\t\t\t<div class=\"elementor-widget-container\">\n\t\t\t\t\t<h1 class=\"elementor-heading-title elementor-size-default\">Aptitude<\/h1>\t\t\t\t<\/div>\n\t\t\t\t<\/div>\n\t\t\t\t<div class=\"elementor-element elementor-element-26e59eb elementor-widget elementor-widget-text-editor\" data-id=\"26e59eb\" data-element_type=\"widget\" data-e-type=\"widget\" data-widget_type=\"text-editor.default\">\n\t\t\t\t<div class=\"elementor-widget-container\">\n\t\t\t\t\t\t\t\t\t<p>Pour celles et ceux qui pr\u00e9f\u00e8rent maintenir une routine sportive l\u00e9g\u00e8re pendant leur s\u00e9jour, notre salle de fitness compacte offre l&rsquo;essentiel pour une s\u00e9ance d&rsquo;entra\u00eenement simple. Entour\u00e9 de verdure et baign\u00e9 de lumi\u00e8re naturelle, c&rsquo;est un coin tranquille pour s&rsquo;\u00e9tirer, bouger et se ressourcer \u00e0 son propre rythme.<\/p>\t\t\t\t\t\t\t\t<\/div>\n\t\t\t\t<\/div>\n\t\t\t\t<\/div>\n\t\t\t\t\t<\/div>\n\t\t\t\t<\/div>\n\t\t<div class=\"elementor-element elementor-element-d452771 e-flex e-con-boxed e-con e-parent\" data-id=\"d452771\" data-element_type=\"container\" data-e-type=\"container\">\n\t\t\t\t\t<div class=\"e-con-inner\">\n\t\t\t\t<div class=\"elementor-element elementor-element-85e7c45 room-image-carousel slide-with-hint-cursor elementor-arrows-position-inside elementor-invisible elementor-widget elementor-widget-image-carousel\" data-id=\"85e7c45\" data-element_type=\"widget\" data-e-type=\"widget\" data-settings=\"{&quot;slides_to_show&quot;:&quot;1&quot;,&quot;effect&quot;:&quot;fade&quot;,&quot;navigation&quot;:&quot;arrows&quot;,&quot;_animation&quot;:&quot;fadeIn&quot;,&quot;infinite&quot;:&quot;yes&quot;,&quot;speed&quot;:500}\" data-widget_type=\"image-carousel.default\">\n\t\t\t\t<div class=\"elementor-widget-container\">\n\t\t\t\t\t\t\t<div class=\"elementor-image-carousel-wrapper swiper\" role=\"region\" aria-roledescription=\"carousel\" aria-label=\"Offer Images\" dir=\"ltr\">\n\t\t\t<div class=\"elementor-image-carousel swiper-wrapper swiper-image-stretch\" aria-live=\"polite\">\n\t\t\t\t\t\t\t\t<div class=\"swiper-slide\" role=\"group\" aria-roledescription=\"slide\" aria-label=\"1 sur 3\"><a data-elementor-open-lightbox=\"yes\" data-elementor-lightbox-slideshow=\"85e7c45\" data-e-action-hash=\"#elementor-action%3Aaction%3Dlightbox%26settings%3DeyJpZCI6MTE1MzEsInVybCI6Imh0dHBzOlwvXC93d3cucGFrYXNhaS5jb21cL3dwLWNvbnRlbnRcL3VwbG9hZHNcLzIwMjVcLzA1XC8xTzFBNTU1Ny1jb3B5LTItc2NhbGVkLmpwZyIsInNsaWRlc2hvdyI6Ijg1ZTdjNDUifQ%3D%3D\" href=\"https:\/\/www.pakasai.com\/wp-content\/uploads\/2025\/05\/1O1A5557-copy-2-scaled.jpg\"><figure class=\"swiper-slide-inner\"><img decoding=\"async\" class=\"swiper-slide-image\" src=\"https:\/\/www.pakasai.com\/wp-content\/uploads\/2025\/05\/1O1A5557-copy-2-scaled.jpg\" alt=\"Fitness Room\" \/><\/figure><\/a><\/div><div class=\"swiper-slide\" role=\"group\" aria-roledescription=\"slide\" aria-label=\"2 sur 3\"><a data-elementor-open-lightbox=\"yes\" data-elementor-lightbox-slideshow=\"85e7c45\" data-e-action-hash=\"#elementor-action%3Aaction%3Dlightbox%26settings%3DeyJpZCI6MTI0MTEsInVybCI6Imh0dHBzOlwvXC93d3cucGFrYXNhaS5jb21cL3dwLWNvbnRlbnRcL3VwbG9hZHNcLzIwMjVcLzA1XC8wNEI1OUQ2NC05NTQyLTRBMTctODM3NS0wNjYzMkVDRjRERDMuanBnIiwic2xpZGVzaG93IjoiODVlN2M0NSJ9\" href=\"https:\/\/www.pakasai.com\/wp-content\/uploads\/2025\/05\/04B59D64-9542-4A17-8375-06632ECF4DD3.jpg\"><figure class=\"swiper-slide-inner\"><img decoding=\"async\" class=\"swiper-slide-image\" src=\"https:\/\/www.pakasai.com\/wp-content\/uploads\/2025\/05\/04B59D64-9542-4A17-8375-06632ECF4DD3.jpg\" alt=\"Fitness Room\" \/><\/figure><\/a><\/div><div class=\"swiper-slide\" role=\"group\" aria-roledescription=\"slide\" aria-label=\"3 sur 3\"><a data-elementor-open-lightbox=\"yes\" data-elementor-lightbox-slideshow=\"85e7c45\" data-e-action-hash=\"#elementor-action%3Aaction%3Dlightbox%26settings%3DeyJpZCI6MTE1MzMsInVybCI6Imh0dHBzOlwvXC93d3cucGFrYXNhaS5jb21cL3dwLWNvbnRlbnRcL3VwbG9hZHNcLzIwMjVcLzA1XC84REJENkFCQS00MkMzLTRCRTAtQTA4Ri0yQTBBNUZCRUM5QjUtY29weS5qcGciLCJzbGlkZXNob3ciOiI4NWU3YzQ1In0%3D\" href=\"https:\/\/www.pakasai.com\/wp-content\/uploads\/2025\/05\/8DBD6ABA-42C3-4BE0-A08F-2A0A5FBEC9B5-copy.jpg\"><figure class=\"swiper-slide-inner\"><img decoding=\"async\" class=\"swiper-slide-image\" src=\"https:\/\/www.pakasai.com\/wp-content\/uploads\/2025\/05\/8DBD6ABA-42C3-4BE0-A08F-2A0A5FBEC9B5-copy.jpg\" alt=\"Fitness Room\" \/><\/figure><\/a><\/div>\t\t\t<\/div>\n\t\t\t\t\t\t\t\t\t\t\t\t<div class=\"elementor-swiper-button elementor-swiper-button-prev\" role=\"button\" tabindex=\"0\">\n\t\t\t\t\t\t<i aria-hidden=\"true\" class=\"fal fa-angle-left\"><\/i>\t\t\t\t\t<\/div>\n\t\t\t\t\t<div class=\"elementor-swiper-button elementor-swiper-button-next\" role=\"button\" tabindex=\"0\">\n\t\t\t\t\t\t<i aria-hidden=\"true\" class=\"fal fa-angle-right\"><\/i>\t\t\t\t\t<\/div>\n\t\t\t\t\n\t\t\t\t\t\t\t\t\t<\/div>\n\t\t\t\t\t\t<\/div>\n\t\t\t\t<\/div>\n\t\t\t\t\t<\/div>\n\t\t\t\t<\/div>\n\t\t<div class=\"elementor-element elementor-element-0c5190d better-animate elementor-hidden-desktop elementor-hidden-tablet elementor-hidden-mobile e-flex e-con-boxed elementor-invisible e-con e-parent\" data-id=\"0c5190d\" data-element_type=\"container\" data-e-type=\"container\" data-settings=\"{&quot;animation&quot;:&quot;fadeInUp&quot;}\">\n\t\t\t\t\t<div class=\"e-con-inner\">\n\t\t<div class=\"elementor-element elementor-element-09327c7 e-con-full e-grid e-con e-child\" data-id=\"09327c7\" data-element_type=\"container\" data-e-type=\"container\">\n\t\t<div class=\"elementor-element elementor-element-004f5d7 e-con-full e-flex e-con e-child\" data-id=\"004f5d7\" data-element_type=\"container\" data-e-type=\"container\">\n\t\t\t\t<div class=\"elementor-element elementor-element-0e58bc0 elementor-widget elementor-widget-heading\" data-id=\"0e58bc0\" data-element_type=\"widget\" data-e-type=\"widget\" data-widget_type=\"heading.default\">\n\t\t\t\t<div class=\"elementor-widget-container\">\n\t\t\t\t\t<h3 class=\"elementor-heading-title elementor-size-default\">Taille<\/h3>\t\t\t\t<\/div>\n\t\t\t\t<\/div>\n\t\t\t\t<div class=\"elementor-element elementor-element-9a7c672 elementor-widget elementor-widget-text-editor\" data-id=\"9a7c672\" data-element_type=\"widget\" data-e-type=\"widget\" data-widget_type=\"text-editor.default\">\n\t\t\t\t<div class=\"elementor-widget-container\">\n\t\t\t\t\t\t\t\t\t<p>72 m\u00b2<br>Hauteur sous plafond 2,70 m.<\/p>\t\t\t\t\t\t\t\t<\/div>\n\t\t\t\t<\/div>\n\t\t\t\t<\/div>\n\t\t<div class=\"elementor-element elementor-element-5453818 e-con-full e-flex e-con e-child\" data-id=\"5453818\" data-element_type=\"container\" data-e-type=\"container\">\n\t\t\t\t<div class=\"elementor-element elementor-element-b8c18ae elementor-widget elementor-widget-heading\" data-id=\"b8c18ae\" data-element_type=\"widget\" data-e-type=\"widget\" data-widget_type=\"heading.default\">\n\t\t\t\t<div class=\"elementor-widget-container\">\n\t\t\t\t\t<h3 class=\"elementor-heading-title elementor-size-default\">Capacit\u00e9<\/h3>\t\t\t\t<\/div>\n\t\t\t\t<\/div>\n\t\t\t\t<div class=\"elementor-element elementor-element-6a01950 elementor-widget elementor-widget-text-editor\" data-id=\"6a01950\" data-element_type=\"widget\" data-e-type=\"widget\" data-widget_type=\"text-editor.default\">\n\t\t\t\t<div class=\"elementor-widget-container\">\n\t\t\t\t\t\t\t\t\t<table><tbody><tr><th>Theatre<\/th><td>65<\/td><\/tr><tr><th>U-Shaped<\/th><td>21<\/td><\/tr><tr><th>Class room<\/th><td>40<\/td><\/tr><\/tbody><\/table>\t\t\t\t\t\t\t\t<\/div>\n\t\t\t\t<\/div>\n\t\t\t\t<\/div>\n\t\t<div class=\"elementor-element elementor-element-273a81e e-con-full e-flex e-con e-child\" data-id=\"273a81e\" data-element_type=\"container\" data-e-type=\"container\">\n\t\t\t\t<div class=\"elementor-element elementor-element-8125619 elementor-widget elementor-widget-heading\" data-id=\"8125619\" data-element_type=\"widget\" data-e-type=\"widget\" data-widget_type=\"heading.default\">\n\t\t\t\t<div class=\"elementor-widget-container\">\n\t\t\t\t\t<h3 class=\"elementor-heading-title elementor-size-default\">Installations<\/h3>\t\t\t\t<\/div>\n\t\t\t\t<\/div>\n\t\t\t\t<div class=\"elementor-element elementor-element-d7016ce elementor-widget elementor-widget-text-editor\" data-id=\"d7016ce\" data-element_type=\"widget\" data-e-type=\"widget\" data-widget_type=\"text-editor.default\">\n\t\t\t\t<div class=\"elementor-widget-container\">\n\t\t\t\t\t\t\t\t\t<ul><li>Projecteur LCD<\/li><li>Papeterie<\/li><li>Internet Wi-Fi<\/li><li>Microphone<\/li><li>T\u00e9l\u00e9vision<\/li><li>Syst\u00e8me Hi-Fi<\/li><li>Syst\u00e8me lecteur vid\u00e9o\/DVD<\/li><li>Tableaux de conf\u00e9rence<\/li><li>tableaux blancs<\/li><li>Podiums<\/li><li>Sc\u00e8ne<\/li><\/ul>\t\t\t\t\t\t\t\t<\/div>\n\t\t\t\t<\/div>\n\t\t\t\t<\/div>\n\t\t\t\t<\/div>\n\t\t<div class=\"elementor-element elementor-element-26cdd0e e-con-full e-flex e-con e-child\" data-id=\"26cdd0e\" data-element_type=\"container\" data-e-type=\"container\">\n\t\t<div class=\"elementor-element elementor-element-8f16acf e-con-full e-flex e-con e-child\" data-id=\"8f16acf\" data-element_type=\"container\" data-e-type=\"container\">\n\t\t\t\t<div class=\"elementor-element elementor-element-1f01d76 elementor-widget elementor-widget-heading\" data-id=\"1f01d76\" data-element_type=\"widget\" data-e-type=\"widget\" data-widget_type=\"heading.default\">\n\t\t\t\t<div class=\"elementor-widget-container\">\n\t\t\t\t\t<h2 class=\"elementor-heading-title elementor-size-default\">Notre salle de r\u00e9union vous int\u00e9resse ?<\/h2>\t\t\t\t<\/div>\n\t\t\t\t<\/div>\n\t\t\t\t<\/div>\n\t\t<div class=\"elementor-element elementor-element-74f6f9c e-con-full e-flex e-con e-child\" data-id=\"74f6f9c\" data-element_type=\"container\" data-e-type=\"container\">\n\t\t\t\t<div class=\"elementor-element elementor-element-0ab7e90 elementor-widget elementor-widget-button\" data-id=\"0ab7e90\" data-element_type=\"widget\" data-e-type=\"widget\" data-widget_type=\"button.default\">\n\t\t\t\t<div class=\"elementor-widget-container\">\n\t\t\t\t\t\t\t\t\t<div class=\"elementor-button-wrapper\">\n\t\t\t\t\t<a class=\"elementor-button elementor-button-link elementor-size-sm\" href=\"#elementor-action%3Aaction%3Dpopup%3Aopen%26settings%3DeyJpZCI6MTAzODIsInRvZ2dsZSI6ZmFsc2V9\" target=\"_blank\">\n\t\t\t\t\t\t<span class=\"elementor-button-content-wrapper\">\n\t\t\t\t\t\t\t\t\t<span class=\"elementor-button-text\">Faire une demande<\/span>\n\t\t\t\t\t<\/span>\n\t\t\t\t\t<\/a>\n\t\t\t\t<\/div>\n\t\t\t\t\t\t\t\t<\/div>\n\t\t\t\t<\/div>\n\t\t\t\t<\/div>\n\t\t\t\t<\/div>\n\t\t\t\t\t<\/div>\n\t\t\t\t<\/div>\n\t\t<div class=\"elementor-element elementor-element-ab585e0 better-animate e-flex e-con-boxed elementor-invisible e-con e-parent\" data-id=\"ab585e0\" data-element_type=\"container\" data-e-type=\"container\" data-settings=\"{&quot;animation&quot;:&quot;fadeInUp&quot;}\">\n\t\t\t\t\t<div class=\"e-con-inner\">\n\t\t<div class=\"elementor-element elementor-element-c0ef873 e-con-full e-grid e-con e-child\" data-id=\"c0ef873\" data-element_type=\"container\" data-e-type=\"container\">\n\t\t<div class=\"elementor-element elementor-element-1731e6f e-con-full e-flex e-con e-child\" data-id=\"1731e6f\" data-element_type=\"container\" data-e-type=\"container\">\n\t\t\t\t<div class=\"elementor-element elementor-element-2d2dadf elementor-widget elementor-widget-heading\" data-id=\"2d2dadf\" data-element_type=\"widget\" data-e-type=\"widget\" data-widget_type=\"heading.default\">\n\t\t\t\t<div class=\"elementor-widget-container\">\n\t\t\t\t\t<h3 class=\"elementor-heading-title elementor-size-default\">Ouvert de 7h00 \u00e0 20h00<\/h3>\t\t\t\t<\/div>\n\t\t\t\t<\/div>\n\t\t\t\t<\/div>\n\t\t\t\t<\/div>\n\t\t<div class=\"elementor-element elementor-element-0852df7 e-con-full elementor-hidden-desktop elementor-hidden-tablet elementor-hidden-mobile e-flex e-con e-child\" data-id=\"0852df7\" data-element_type=\"container\" data-e-type=\"container\">\n\t\t<div class=\"elementor-element elementor-element-54fe958 e-con-full e-flex e-con e-child\" data-id=\"54fe958\" data-element_type=\"container\" data-e-type=\"container\">\n\t\t\t\t<div class=\"elementor-element elementor-element-d054511 elementor-widget elementor-widget-heading\" data-id=\"d054511\" data-element_type=\"widget\" data-e-type=\"widget\" data-widget_type=\"heading.default\">\n\t\t\t\t<div class=\"elementor-widget-container\">\n\t\t\t\t\t<h2 class=\"elementor-heading-title elementor-size-default\">Notre salle de r\u00e9union vous int\u00e9resse ?<\/h2>\t\t\t\t<\/div>\n\t\t\t\t<\/div>\n\t\t\t\t<\/div>\n\t\t<div class=\"elementor-element elementor-element-21209bc e-con-full e-flex e-con e-child\" data-id=\"21209bc\" data-element_type=\"container\" data-e-type=\"container\">\n\t\t\t\t<div class=\"elementor-element elementor-element-def3f7b elementor-widget elementor-widget-button\" data-id=\"def3f7b\" data-element_type=\"widget\" data-e-type=\"widget\" data-widget_type=\"button.default\">\n\t\t\t\t<div class=\"elementor-widget-container\">\n\t\t\t\t\t\t\t\t\t<div class=\"elementor-button-wrapper\">\n\t\t\t\t\t<a class=\"elementor-button elementor-button-link elementor-size-sm\" href=\"#elementor-action%3Aaction%3Dpopup%3Aopen%26settings%3DeyJpZCI6MTAzODIsInRvZ2dsZSI6ZmFsc2V9\" target=\"_blank\">\n\t\t\t\t\t\t<span class=\"elementor-button-content-wrapper\">\n\t\t\t\t\t\t\t\t\t<span class=\"elementor-button-text\">Faire une demande<\/span>\n\t\t\t\t\t<\/span>\n\t\t\t\t\t<\/a>\n\t\t\t\t<\/div>\n\t\t\t\t\t\t\t\t<\/div>\n\t\t\t\t<\/div>\n\t\t\t\t<\/div>\n\t\t\t\t<\/div>\n\t\t\t\t\t<\/div>\n\t\t\t\t<\/div>\n\t\t\t\t<\/div>\n\t\t","protected":false},"excerpt":{"rendered":"<p>Installations Pour celles et ceux qui pr\u00e9f\u00e8rent maintenir une routine sportive l\u00e9g\u00e8re pendant leur s\u00e9jour, notre salle de fitness compacte offre l&rsquo;essentiel pour une s\u00e9ance d&rsquo;entra\u00eenement simple. Entour\u00e9 de verdure et baign\u00e9 de lumi\u00e8re naturelle, c&rsquo;est un coin tranquille pour s&rsquo;\u00e9tirer, bouger et se ressourcer \u00e0 son propre rythme. Taille 72 m\u00b2Hauteur sous plafond 2,70 [&hellip;]<\/p>\n","protected":false},"author":4,"featured_media":12411,"parent":12354,"menu_order":17,"comment_status":"closed","ping_status":"closed","template":"elementor_header_footer","meta":{"footnotes":""},"class_list":["post-12410","page","type-page","status-publish","has-post-thumbnail","hentry"],"meta_box":[],"_links":{"self":[{"href":"https:\/\/www.pakasai.com\/fr\/wp-json\/wp\/v2\/pages\/12410","targetHints":{"allow":["GET"]}}],"collection":[{"href":"https:\/\/www.pakasai.com\/fr\/wp-json\/wp\/v2\/pages"}],"about":[{"href":"https:\/\/www.pakasai.com\/fr\/wp-json\/wp\/v2\/types\/page"}],"author":[{"embeddable":true,"href":"https:\/\/www.pakasai.com\/fr\/wp-json\/wp\/v2\/users\/4"}],"replies":[{"embeddable":true,"href":"https:\/\/www.pakasai.com\/fr\/wp-json\/wp\/v2\/comments?post=12410"}],"version-history":[{"count":1,"href":"https:\/\/www.pakasai.com\/fr\/wp-json\/wp\/v2\/pages\/12410\/revisions"}],"predecessor-version":[{"id":12412,"href":"https:\/\/www.pakasai.com\/fr\/wp-json\/wp\/v2\/pages\/12410\/revisions\/12412"}],"up":[{"embeddable":true,"href":"https:\/\/www.pakasai.com\/fr\/wp-json\/wp\/v2\/pages\/12354"}],"wp:featuredmedia":[{"embeddable":true,"href":"https:\/\/www.pakasai.com\/fr\/wp-json\/wp\/v2\/media\/12411"}],"wp:attachment":[{"href":"https:\/\/www.pakasai.com\/fr\/wp-json\/wp\/v2\/media?parent=12410"}],"curies":[{"name":"wp","href":"https:\/\/api.w.org\/{rel}","templated":true}]}}