{"id":12380,"date":"2024-12-19T14:21:41","date_gmt":"2024-12-19T07:21:41","guid":{"rendered":"https:\/\/www.pakasai.com\/sustainability"},"modified":"2026-02-05T01:04:18","modified_gmt":"2026-02-04T18:04:18","slug":"sustainability","status":"publish","type":"page","link":"https:\/\/www.pakasai.com\/fr\/sustainability","title":{"rendered":"Durabilit\u00e9"},"content":{"rendered":"\t\t<div data-elementor-type=\"wp-page\" data-elementor-id=\"12380\" class=\"elementor elementor-12380 elementor-6318\" data-elementor-post-type=\"page\">\n\t\t\t\t<div class=\"elementor-element elementor-element-5576304 e-con-full e-flex e-con e-parent\" data-id=\"5576304\" data-element_type=\"container\" data-e-type=\"container\">\n\t\t<div class=\"elementor-element elementor-element-2c6919a e-flex e-con-boxed elementor-invisible e-con e-child\" data-id=\"2c6919a\" data-element_type=\"container\" data-e-type=\"container\" data-settings=\"{&quot;background_background&quot;:&quot;classic&quot;,&quot;background_motion_fx_motion_fx_scrolling&quot;:&quot;yes&quot;,&quot;background_motion_fx_translateY_effect&quot;:&quot;yes&quot;,&quot;animation&quot;:&quot;fadeIn&quot;,&quot;background_motion_fx_translateY_speed&quot;:{&quot;unit&quot;:&quot;px&quot;,&quot;size&quot;:4,&quot;sizes&quot;:[]},&quot;background_motion_fx_translateY_affectedRange&quot;:{&quot;unit&quot;:&quot;%&quot;,&quot;size&quot;:&quot;&quot;,&quot;sizes&quot;:{&quot;start&quot;:0,&quot;end&quot;:100}},&quot;background_motion_fx_devices&quot;:[&quot;desktop&quot;,&quot;tablet&quot;,&quot;mobile&quot;]}\">\n\t\t\t\t\t<div class=\"e-con-inner\">\n\t\t<div class=\"elementor-element elementor-element-98aa29c e-con-full e-flex elementor-invisible e-con e-child\" data-id=\"98aa29c\" data-element_type=\"container\" data-e-type=\"container\" data-settings=\"{&quot;animation&quot;:&quot;fadeInUp&quot;}\">\n\t\t\t\t<div class=\"elementor-element elementor-element-db6e20d elementor-widget elementor-widget-heading\" data-id=\"db6e20d\" data-element_type=\"widget\" data-e-type=\"widget\" data-widget_type=\"heading.default\">\n\t\t\t\t<div class=\"elementor-widget-container\">\n\t\t\t\t\t<h1 class=\"elementor-heading-title elementor-size-default\">Durabilit\u00e9<\/h1>\t\t\t\t<\/div>\n\t\t\t\t<\/div>\n\t\t\t\t<div class=\"elementor-element elementor-element-1f5268b elementor-widget elementor-widget-heading\" data-id=\"1f5268b\" data-element_type=\"widget\" data-e-type=\"widget\" data-widget_type=\"heading.default\">\n\t\t\t\t<div class=\"elementor-widget-container\">\n\t\t\t\t\t<h2 class=\"elementor-heading-title elementor-size-default\">au Pakasai Resort<\/h2>\t\t\t\t<\/div>\n\t\t\t\t<\/div>\n\t\t\t\t<\/div>\n\t\t\t\t\t<\/div>\n\t\t\t\t<\/div>\n\t\t\t\t<\/div>\n\t\t<div class=\"elementor-element elementor-element-2c09154 e-flex e-con-boxed e-con e-parent\" data-id=\"2c09154\" data-element_type=\"container\" data-e-type=\"container\">\n\t\t\t\t\t<div class=\"e-con-inner\">\n\t\t<div class=\"elementor-element elementor-element-bb11a27 e-con-full better-animate e-flex elementor-invisible e-con e-child\" data-id=\"bb11a27\" data-element_type=\"container\" data-e-type=\"container\" data-settings=\"{&quot;animation&quot;:&quot;fadeInUp&quot;}\">\n\t\t\t\t<div class=\"elementor-element elementor-element-935d2b9 elementor-widget elementor-widget-heading\" data-id=\"935d2b9\" data-element_type=\"widget\" data-e-type=\"widget\" data-widget_type=\"heading.default\">\n\t\t\t\t<div class=\"elementor-widget-container\">\n\t\t\t\t\t<h2 class=\"elementor-heading-title elementor-size-default\">Les plus verts de Krabi<\/h2>\t\t\t\t<\/div>\n\t\t\t\t<\/div>\n\t\t\t\t<div class=\"elementor-element elementor-element-4c1eb85 elementor-widget elementor-widget-heading\" data-id=\"4c1eb85\" data-element_type=\"widget\" data-e-type=\"widget\" data-widget_type=\"heading.default\">\n\t\t\t\t<div class=\"elementor-widget-container\">\n\t\t\t\t\t<h3 class=\"elementor-heading-title elementor-size-default\">Pakasai Resort : le s\u00e9jour pionnier \u00e0 faible \u00e9mission de carbone \u00e0 Krabi<\/h3>\t\t\t\t<\/div>\n\t\t\t\t<\/div>\n\t\t\t\t<div class=\"elementor-element elementor-element-fcaeb3c elementor-widget elementor-widget-text-editor\" data-id=\"fcaeb3c\" data-element_type=\"widget\" data-e-type=\"widget\" data-widget_type=\"text-editor.default\">\n\t\t\t\t<div class=\"elementor-widget-container\">\n\t\t\t\t\t\t\t\t\t<p>Situ\u00e9 dans un jardin luxuriant, le Pakasai Resort a \u00e9t\u00e9 le premier \u00e0 Krabi \u00e0 proposer des h\u00e9bergements \u00e0 faible empreinte carbone, des activit\u00e9s durables et des services de r\u00e9union \u00e9cologiques, ce qui nous a valu le prix ASEAN Green Hotel Award et la certification Green Leaf Standard pour l&rsquo;ASEAN.<\/p>\t\t\t\t\t\t\t\t<\/div>\n\t\t\t\t<\/div>\n\t\t\t\t<div class=\"elementor-element elementor-element-dcda188 elementor-widget elementor-widget-heading\" data-id=\"dcda188\" data-element_type=\"widget\" data-e-type=\"widget\" data-widget_type=\"heading.default\">\n\t\t\t\t<div class=\"elementor-widget-container\">\n\t\t\t\t\t<h3 class=\"elementor-heading-title elementor-size-default\">Enracin\u00e9 dans la nature, con\u00e7u avec un but pr\u00e9cis<\/h3>\t\t\t\t<\/div>\n\t\t\t\t<\/div>\n\t\t\t\t<div class=\"elementor-element elementor-element-6e22084 elementor-widget elementor-widget-text-editor\" data-id=\"6e22084\" data-element_type=\"widget\" data-e-type=\"widget\" data-widget_type=\"text-editor.default\">\n\t\t\t\t<div class=\"elementor-widget-container\">\n\t\t\t\t\t\t\t\t\t<p>Nos chambres d&rsquo;h\u00f4tes de style chalet sont agenc\u00e9es avec soin autour d&rsquo;arbres indig\u00e8nes pr\u00e9serv\u00e9s, laissant la nature fa\u00e7onner l&rsquo;exp\u00e9rience du s\u00e9jour.<\/p>\t\t\t\t\t\t\t\t<\/div>\n\t\t\t\t<\/div>\n\t\t\t\t<div class=\"elementor-element elementor-element-c7973d6 elementor-widget elementor-widget-heading\" data-id=\"c7973d6\" data-element_type=\"widget\" data-e-type=\"widget\" data-widget_type=\"heading.default\">\n\t\t\t\t<div class=\"elementor-widget-container\">\n\t\t\t\t\t<h3 class=\"elementor-heading-title elementor-size-default\">Des pratiques durables au c\u0153ur de notre activit\u00e9 :<\/h3>\t\t\t\t<\/div>\n\t\t\t\t<\/div>\n\t\t\t\t<div class=\"elementor-element elementor-element-134dfec elementor-widget elementor-widget-text-editor\" data-id=\"134dfec\" data-element_type=\"widget\" data-e-type=\"widget\" data-widget_type=\"text-editor.default\">\n\t\t\t\t<div class=\"elementor-widget-container\">\n\t\t\t\t\t\t\t\t\t<ul><li>Conception architecturale r\u00e9fl\u00e9chie pour pr\u00e9server la flore existante<\/li><li>Des am\u00e9nagements ouverts qui optimisent la lumi\u00e8re naturelle et la ventilation naturelle<\/li><li>Utilisation efficace de l&rsquo;\u00e9nergie et de l&rsquo;eau dans tout le complexe h\u00f4telier<\/li><li>Syst\u00e8me de r\u00e9utilisation des eaux grises pour les chasses d&rsquo;eau dans les chambres et les espaces verts<\/li><li>Programmes de r\u00e9duction des d\u00e9chets pour diminuer les \u00e9missions de carbone<\/li><li>R\u00e9unions hebdomadaires du comit\u00e9 vert pour assurer une am\u00e9lioration continue<\/li><li>Collaboration \u00e9troite avec les communaut\u00e9s et organisations locales<\/li><\/ul>\t\t\t\t\t\t\t\t<\/div>\n\t\t\t\t<\/div>\n\t\t\t\t<div class=\"elementor-element elementor-element-f128ab4 elementor-widget elementor-widget-heading\" data-id=\"f128ab4\" data-element_type=\"widget\" data-e-type=\"widget\" data-widget_type=\"heading.default\">\n\t\t\t\t<div class=\"elementor-widget-container\">\n\t\t\t\t\t<h3 class=\"elementor-heading-title elementor-size-default\">\u00c0 Pakasai, chaque d\u00e9tail refl\u00e8te notre conviction que la v\u00e9ritable \u00e9vasion se trouve en harmonie avec la nature.<\/h3>\t\t\t\t<\/div>\n\t\t\t\t<\/div>\n\t\t\t\t<\/div>\n\t\t\t\t\t<\/div>\n\t\t\t\t<\/div>\n\t\t<div class=\"elementor-element elementor-element-a5f7492 e-con-full e-flex e-con e-parent\" data-id=\"a5f7492\" data-element_type=\"container\" data-e-type=\"container\">\n\t\t\t\t<div class=\"elementor-element elementor-element-20554e4 slide-with-offsets slide-with-hint-cursor better-animate elementor-pagination-position-outside elementor-invisible elementor-widget elementor-widget-image-carousel\" data-id=\"20554e4\" data-element_type=\"widget\" data-e-type=\"widget\" data-settings=\"{&quot;slides_to_show&quot;:&quot;2&quot;,&quot;navigation&quot;:&quot;dots&quot;,&quot;image_spacing_custom&quot;:{&quot;unit&quot;:&quot;px&quot;,&quot;size&quot;:30,&quot;sizes&quot;:[]},&quot;_animation&quot;:&quot;fadeInUp&quot;,&quot;speed&quot;:500,&quot;image_spacing_custom_tablet&quot;:{&quot;unit&quot;:&quot;px&quot;,&quot;size&quot;:&quot;&quot;,&quot;sizes&quot;:[]},&quot;image_spacing_custom_mobile&quot;:{&quot;unit&quot;:&quot;px&quot;,&quot;size&quot;:&quot;&quot;,&quot;sizes&quot;:[]}}\" data-slide-number=\"0:1.5,768:2.5,1024:3\" data-widget_type=\"image-carousel.default\">\n\t\t\t\t<div class=\"elementor-widget-container\">\n\t\t\t\t\t\t\t<div class=\"elementor-image-carousel-wrapper swiper\" role=\"region\" aria-roledescription=\"carousel\" aria-label=\"Room Images\" dir=\"ltr\">\n\t\t\t<div class=\"elementor-image-carousel swiper-wrapper swiper-image-stretch\" aria-live=\"polite\">\n\t\t\t\t\t\t\t\t<div class=\"swiper-slide\" role=\"group\" aria-roledescription=\"slide\" aria-label=\"1 sur 5\"><a data-elementor-open-lightbox=\"yes\" data-elementor-lightbox-slideshow=\"20554e4\" data-e-action-hash=\"#elementor-action%3Aaction%3Dlightbox%26settings%3DeyJpZCI6MTIzODMsInVybCI6Imh0dHBzOlwvXC93d3cucGFrYXNhaS5jb21cL3dwLWNvbnRlbnRcL3VwbG9hZHNcLzIwMjVcLzA1XC8xX0lNR182ODA2LWNvcHkud2VicCIsInNsaWRlc2hvdyI6IjIwNTU0ZTQifQ%3D%3D\" href=\"https:\/\/www.pakasai.com\/wp-content\/uploads\/2025\/05\/1_IMG_6806-copy.webp\"><figure class=\"swiper-slide-inner\"><img decoding=\"async\" class=\"swiper-slide-image\" src=\"https:\/\/www.pakasai.com\/wp-content\/uploads\/2025\/05\/1_IMG_6806-copy-819x1024.webp\" alt=\"1_IMG_6806 copy\" \/><\/figure><\/a><\/div><div class=\"swiper-slide\" role=\"group\" aria-roledescription=\"slide\" aria-label=\"2 sur 5\"><a data-elementor-open-lightbox=\"yes\" data-elementor-lightbox-slideshow=\"20554e4\" data-e-action-hash=\"#elementor-action%3Aaction%3Dlightbox%26settings%3DeyJpZCI6MTIzODQsInVybCI6Imh0dHBzOlwvXC93d3cucGFrYXNhaS5jb21cL3dwLWNvbnRlbnRcL3VwbG9hZHNcLzIwMjVcLzA1XC8yXzNGRUQyMEJELUJGMTEtNDYyNC1CQzc1LUQ1NDQ5RUNBRUEwNy1jb3B5LndlYnAiLCJzbGlkZXNob3ciOiIyMDU1NGU0In0%3D\" href=\"https:\/\/www.pakasai.com\/wp-content\/uploads\/2025\/05\/2_3FED20BD-BF11-4624-BC75-D5449ECAEA07-copy.webp\"><figure class=\"swiper-slide-inner\"><img decoding=\"async\" class=\"swiper-slide-image\" src=\"https:\/\/www.pakasai.com\/wp-content\/uploads\/2025\/05\/2_3FED20BD-BF11-4624-BC75-D5449ECAEA07-copy-819x1024.webp\" alt=\"2_3FED20BD-BF11-4624-BC75-D5449ECAEA07 copy\" \/><\/figure><\/a><\/div><div class=\"swiper-slide\" role=\"group\" aria-roledescription=\"slide\" aria-label=\"3 sur 5\"><a data-elementor-open-lightbox=\"yes\" data-elementor-lightbox-slideshow=\"20554e4\" data-e-action-hash=\"#elementor-action%3Aaction%3Dlightbox%26settings%3DeyJpZCI6MTIzODUsInVybCI6Imh0dHBzOlwvXC93d3cucGFrYXNhaS5jb21cL3dwLWNvbnRlbnRcL3VwbG9hZHNcLzIwMjVcLzA1XC8zXzFPMUEzODEwLWNvcHktMi1zY2FsZWQud2VicCIsInNsaWRlc2hvdyI6IjIwNTU0ZTQifQ%3D%3D\" href=\"https:\/\/www.pakasai.com\/wp-content\/uploads\/2025\/05\/3_1O1A3810-copy-2-scaled.webp\"><figure class=\"swiper-slide-inner\"><img decoding=\"async\" class=\"swiper-slide-image\" src=\"https:\/\/www.pakasai.com\/wp-content\/uploads\/2025\/05\/3_1O1A3810-copy-2-819x1024.webp\" alt=\"3_1O1A3810 copy 2\" \/><\/figure><\/a><\/div><div class=\"swiper-slide\" role=\"group\" aria-roledescription=\"slide\" aria-label=\"4 sur 5\"><a data-elementor-open-lightbox=\"yes\" data-elementor-lightbox-slideshow=\"20554e4\" data-e-action-hash=\"#elementor-action%3Aaction%3Dlightbox%26settings%3DeyJpZCI6MTIzODYsInVybCI6Imh0dHBzOlwvXC93d3cucGFrYXNhaS5jb21cL3dwLWNvbnRlbnRcL3VwbG9hZHNcLzIwMjVcLzA1XC80X0U5MzEyQjUxLTE3QzgtNEZDQS1CNzZDLTVDMzA2RjQzMEM1OC1jb3B5LndlYnAiLCJzbGlkZXNob3ciOiIyMDU1NGU0In0%3D\" href=\"https:\/\/www.pakasai.com\/wp-content\/uploads\/2025\/05\/4_E9312B51-17C8-4FCA-B76C-5C306F430C58-copy.webp\"><figure class=\"swiper-slide-inner\"><img decoding=\"async\" class=\"swiper-slide-image\" src=\"https:\/\/www.pakasai.com\/wp-content\/uploads\/2025\/05\/4_E9312B51-17C8-4FCA-B76C-5C306F430C58-copy-819x1024.webp\" alt=\"4_E9312B51-17C8-4FCA-B76C-5C306F430C58 copy\" \/><\/figure><\/a><\/div><div class=\"swiper-slide\" role=\"group\" aria-roledescription=\"slide\" aria-label=\"5 sur 5\"><a data-elementor-open-lightbox=\"yes\" data-elementor-lightbox-slideshow=\"20554e4\" data-e-action-hash=\"#elementor-action%3Aaction%3Dlightbox%26settings%3DeyJpZCI6MTIzODcsInVybCI6Imh0dHBzOlwvXC93d3cucGFrYXNhaS5jb21cL3dwLWNvbnRlbnRcL3VwbG9hZHNcLzIwMjVcLzA1XC81X0lNR18xNTc5LndlYnAiLCJzbGlkZXNob3ciOiIyMDU1NGU0In0%3D\" href=\"https:\/\/www.pakasai.com\/wp-content\/uploads\/2025\/05\/5_IMG_1579.webp\"><figure class=\"swiper-slide-inner\"><img decoding=\"async\" class=\"swiper-slide-image\" src=\"https:\/\/www.pakasai.com\/wp-content\/uploads\/2025\/05\/5_IMG_1579-1024x681.webp\" alt=\"5_IMG_1579\" \/><\/figure><\/a><\/div>\t\t\t<\/div>\n\t\t\t\t\t\t\t\n\t\t\t\t\t\t\t\t\t<div class=\"swiper-pagination\"><\/div>\n\t\t\t\t\t\t\t\t\t<\/div>\n\t\t\t\t\t\t<\/div>\n\t\t\t\t<\/div>\n\t\t\t\t<\/div>\n\t\t\t\t<\/div>\n\t\t","protected":false},"excerpt":{"rendered":"<p>au Pakasai Resort Les plus verts de Krabi Pakasai Resort : le s\u00e9jour pionnier \u00e0 faible \u00e9mission de carbone \u00e0 Krabi Situ\u00e9 dans un jardin luxuriant, le Pakasai Resort a \u00e9t\u00e9 le premier \u00e0 Krabi \u00e0 proposer des h\u00e9bergements \u00e0 faible empreinte carbone, des activit\u00e9s durables et des services de r\u00e9union \u00e9cologiques, ce qui nous [&hellip;]<\/p>\n","protected":false},"author":4,"featured_media":12388,"parent":0,"menu_order":29,"comment_status":"closed","ping_status":"closed","template":"elementor_header_footer","meta":{"footnotes":""},"class_list":["post-12380","page","type-page","status-publish","has-post-thumbnail","hentry"],"meta_box":[],"_links":{"self":[{"href":"https:\/\/www.pakasai.com\/fr\/wp-json\/wp\/v2\/pages\/12380","targetHints":{"allow":["GET"]}}],"collection":[{"href":"https:\/\/www.pakasai.com\/fr\/wp-json\/wp\/v2\/pages"}],"about":[{"href":"https:\/\/www.pakasai.com\/fr\/wp-json\/wp\/v2\/types\/page"}],"author":[{"embeddable":true,"href":"https:\/\/www.pakasai.com\/fr\/wp-json\/wp\/v2\/users\/4"}],"replies":[{"embeddable":true,"href":"https:\/\/www.pakasai.com\/fr\/wp-json\/wp\/v2\/comments?post=12380"}],"version-history":[{"count":1,"href":"https:\/\/www.pakasai.com\/fr\/wp-json\/wp\/v2\/pages\/12380\/revisions"}],"predecessor-version":[{"id":12389,"href":"https:\/\/www.pakasai.com\/fr\/wp-json\/wp\/v2\/pages\/12380\/revisions\/12389"}],"wp:featuredmedia":[{"embeddable":true,"href":"https:\/\/www.pakasai.com\/fr\/wp-json\/wp\/v2\/media\/12388"}],"wp:attachment":[{"href":"https:\/\/www.pakasai.com\/fr\/wp-json\/wp\/v2\/media?parent=12380"}],"curies":[{"name":"wp","href":"https:\/\/api.w.org\/{rel}","templated":true}]}}